{"id":57,"date":"2019-04-26T04:39:33","date_gmt":"2019-04-26T04:39:33","guid":{"rendered":"http:\/\/radiofronteras.fmmiradio.com\/?page_id=2"},"modified":"2021-11-05T14:33:41","modified_gmt":"2021-11-05T14:33:41","slug":"sample-page","status":"publish","type":"page","link":"https:\/\/latidos1037.fmmiradio.com\/","title":{"rendered":"ULTIMAS NOTICIAS"},"content":{"rendered":"\n<div class=\"wp-block-columns has-2-columns is-layout-flex wp-container-core-columns-is-layout-9d6595d7 wp-block-columns-is-layout-flex\">\n<div class=\"wp-block-column is-layout-flow wp-block-column-is-layout-flow\">\n<h2 class=\"wp-block-heading\">NOVEDADES<\/h2>\n\n\n\n<iframe loading=\"lazy\" src=\"https:\/\/www.facebook.com\/plugins\/page.php?href=https%3A%2F%2Fwww.facebook.com%2FFm-latidos-1037-104403821127858%2F&amp;tabs=timeline&amp;width=340&amp;height=1280&amp;small_header=false&amp;adapt_container_width=false&amp;hide_cover=true&amp;show_facepile=false&amp;appId\" width=\"340\" height=\"1280\" style=\"border:none;overflow:hidden\" scrolling=\"no\" frameborder=\"0\" allowtransparency=\"true\" allow=\"encrypted-media\"><\/iframe>\n<\/div>\n\n\n\n<div class=\"wp-block-column is-layout-flow wp-block-column-is-layout-flow\">\n<h2 class=\"wp-block-heading\">POL\u00cdTICA<\/h2>\n\n\n<div class=\"feedzy-rss feedzy-cf726f215d36258fdd1469261a261343\"><ul><li  style=\"padding: 15px 0 25px\" class=\"rss_item\"><div class=\"rss_image\" style=\"width:150px; height:150px;\"><a href=\"https:\/\/www.clarin.com\/politica\/nuevo-armado-axel-kicillof-sugestiva-reunion-ex-macristas_0_k62jkLBfv1.html\" target=\"_blank\" rel=\" noopener\" title=\"El nuevo armado de Axel Kicillof: sugestiva reuni\u00f3n con dos ex macristas\" style=\"width:150px; height:150px;\"><span class=\"fetched\" style=\"background-image:  url('https:\/\/www.clarin.com\/img\/2026\/01\/30\/Vaij-dgPx_1200x630__1.jpg');\" title=\"El nuevo armado de Axel Kicillof: sugestiva reuni\u00f3n con dos ex macristas\"><\/span><amp-img width=\"150\" height=\"150\" src=\"https:\/\/www.clarin.com\/img\/2026\/01\/30\/Vaij-dgPx_1200x630__1.jpg\"><\/a><\/div><span class=\"title\"><a href=\"https:\/\/www.clarin.com\/politica\/nuevo-armado-axel-kicillof-sugestiva-reunion-ex-macristas_0_k62jkLBfv1.html\" target=\"_blank\" rel=\" noopener\">El nuevo armado de Axel Kicillof: sugestiva reuni\u00f3n con dos ex macristas<\/a><\/span><div class=\"rss_content\" style=\"\"><p>El gobernador los recibi\u00f3 en la sede de la gobernaci\u00f3n bonaerense, en La Plata.Su plan para trascender el peronismo y la &#8220;preocupaci\u00f3n&#8221; por Milei que acelera las reuniones.<\/p><\/div><\/li><li  style=\"padding: 15px 0 25px\" class=\"rss_item\"><div class=\"rss_image\" style=\"width:150px; height:150px;\"><a href=\"https:\/\/www.clarin.com\/politica\/carlos-melconian-hablo-chance-presidente-2027-dijo-javier-milei-prostituyo-capitalismo-occidental_0_fBOhhWTacZ.html\" target=\"_blank\" rel=\" noopener\" title=\"Carlos Melconian habl\u00f3 sobre la chance de ser presidente en 2027 y dijo que Javier Milei \u201cprostituy\u00f3 el capitalismo occidental\u201d\" style=\"width:150px; height:150px;\"><span class=\"fetched\" style=\"background-image:  url('https:\/\/www.clarin.com\/img\/2026\/04\/08\/q9y0XFEyz_1200x630__1.jpg');\" title=\"Carlos Melconian habl\u00f3 sobre la chance de ser presidente en 2027 y dijo que Javier Milei \u201cprostituy\u00f3 el capitalismo occidental\u201d\"><\/span><amp-img width=\"150\" height=\"150\" src=\"https:\/\/www.clarin.com\/img\/2026\/04\/08\/q9y0XFEyz_1200x630__1.jpg\"><\/a><\/div><span class=\"title\"><a href=\"https:\/\/www.clarin.com\/politica\/carlos-melconian-hablo-chance-presidente-2027-dijo-javier-milei-prostituyo-capitalismo-occidental_0_fBOhhWTacZ.html\" target=\"_blank\" rel=\" noopener\">Carlos Melconian habl\u00f3 sobre la chance de ser presidente en 2027 y dijo que Javier Milei \u201cprostituy\u00f3 el capitalismo occidental\u201d<\/a><\/span><div class=\"rss_content\" style=\"\"><p>El economista se\u00f1al\u00f3 que tiene la \u201cvocaci\u00f3n\u201d y el programa de Gobierno para postularse el a\u00f1o pr\u00f3ximo. \u201cEstamos pensando en eso\u201d, acept\u00f3. Tambi\u00e9n expres\u00f3 que hay \u201cmuch\u00edsima distancia\u201d entre lo que el Presidente dijo que iba a hacer y lo que hace.<\/p><\/div><\/li><li  style=\"padding: 15px 0 25px\" class=\"rss_item\"><div class=\"rss_image\" style=\"width:150px; height:150px;\"><a href=\"https:\/\/www.clarin.com\/politica\/militantes-izquierda-interrumpieron-clase-legisladores-libertarios-facultad-sociales-uba-acusaciones-cruzadas-fascismo_0_dcfO1yN4JU.html\" target=\"_blank\" rel=\" noopener\" title=\"Militantes de izquierda interrumpieron una clase con legisladores libertarios en la Facultad de Sociales de la UBA\" style=\"width:150px; height:150px;\"><span class=\"fetched\" style=\"background-image:  url('https:\/\/www.clarin.com\/img\/2026\/04\/07\/3aJ3w9Ndf_1200x630__1.jpg');\" title=\"Militantes de izquierda interrumpieron una clase con legisladores libertarios en la Facultad de Sociales de la UBA\"><\/span><amp-img width=\"150\" height=\"150\" src=\"https:\/\/www.clarin.com\/img\/2026\/04\/07\/3aJ3w9Ndf_1200x630__1.jpg\"><\/a><\/div><span class=\"title\"><a href=\"https:\/\/www.clarin.com\/politica\/militantes-izquierda-interrumpieron-clase-legisladores-libertarios-facultad-sociales-uba-acusaciones-cruzadas-fascismo_0_dcfO1yN4JU.html\" target=\"_blank\" rel=\" noopener\">Militantes de izquierda interrumpieron una clase con legisladores libertarios en la Facultad de Sociales de la UBA<\/a><\/span><div class=\"rss_content\" style=\"\"><p>Un grupo de estudiantes irrumpi\u00f3 en una materia de la carrera de Ciencias Pol\u00edticas, que ten\u00eda como invitados a un diputado y un senador de LLA.El episodio gener\u00f3 la reacci\u00f3n de la dirigencia oficialista, que habl\u00f3 de &#8220;intolerancia&#8221; y &#8220;fascismo&#8221;.<\/p><\/div><\/li><li  style=\"padding: 15px 0 25px\" class=\"rss_item\"><div class=\"rss_image\" style=\"width:150px; height:150px;\"><a href=\"https:\/\/www.clarin.com\/politica\/oficialismo-convoca-sesion-senado-apurar-pliegos-jueces-fiscales-propuestos-milei_0_HVC0ZSqxEd.html\" target=\"_blank\" rel=\" noopener\" title=\"El oficialismo convoca a una sesi\u00f3n en el Senado para apurar los pliegos de jueces y fiscales propuestos por Milei\" style=\"width:150px; height:150px;\"><span class=\"fetched\" style=\"background-image:  url('https:\/\/www.clarin.com\/img\/2026\/03\/16\/o6GRv9ohD_1200x630__1.jpg');\" title=\"El oficialismo convoca a una sesi\u00f3n en el Senado para apurar los pliegos de jueces y fiscales propuestos por Milei\"><\/span><amp-img width=\"150\" height=\"150\" src=\"https:\/\/www.clarin.com\/img\/2026\/03\/16\/o6GRv9ohD_1200x630__1.jpg\"><\/a><\/div><span class=\"title\"><a href=\"https:\/\/www.clarin.com\/politica\/oficialismo-convoca-sesion-senado-apurar-pliegos-jueces-fiscales-propuestos-milei_0_HVC0ZSqxEd.html\" target=\"_blank\" rel=\" noopener\">El oficialismo convoca a una sesi\u00f3n en el Senado para apurar los pliegos de jueces y fiscales propuestos por Milei<\/a><\/span><div class=\"rss_content\" style=\"\"><p>Se realizar\u00e1 el jueves para dar ingreso a un total de 62 pliegos que fueron enviados por el Ejecutivo.Entre los candidatos est\u00e1 el hijo del presidente de la Corte Suprema, Horacio Rosatti, y la esposa del juez Marcelo Mart\u00ednez de Giorgi.<\/p><\/div><\/li><li  style=\"padding: 15px 0 25px\" class=\"rss_item\"><div class=\"rss_image\" style=\"width:150px; height:150px;\"><a href=\"https:\/\/www.clarin.com\/politica\/lista-espionaje-ruso-llego-gobierno-casa-adorni_0_xeuggiF5qO.html\" target=\"_blank\" rel=\" noopener\" title=\"La otra lista de espionaje ruso que lleg\u00f3 al Gobierno y la casa que no es de Adorni\" style=\"width:150px; height:150px;\"><span class=\"fetched\" style=\"background-image:  url('https:\/\/www.clarin.com\/img\/2026\/04\/02\/aoU4AXiKT_1200x630__1.jpg');\" title=\"La otra lista de espionaje ruso que lleg\u00f3 al Gobierno y la casa que no es de Adorni\"><\/span><amp-img width=\"150\" height=\"150\" src=\"https:\/\/www.clarin.com\/img\/2026\/04\/02\/aoU4AXiKT_1200x630__1.jpg\"><\/a><\/div><span class=\"title\"><a href=\"https:\/\/www.clarin.com\/politica\/lista-espionaje-ruso-llego-gobierno-casa-adorni_0_xeuggiF5qO.html\" target=\"_blank\" rel=\" noopener\">La otra lista de espionaje ruso que lleg\u00f3 al Gobierno y la casa que no es de Adorni<\/a><\/span><div class=\"rss_content\" style=\"\"><p>En paralelo a los documentos que acusan a periodistas de cobrar plata para desprestigiar al Gobierno, llegaron otros papeles donde apuntan a pol\u00edticos.<\/p><\/div><\/li><\/ul> <\/div>\n\n\n<p><\/p>\n<\/div>\n<\/div>\n\n\n\n<div class=\"wp-block-columns has-2-columns is-layout-flex wp-container-core-columns-is-layout-9d6595d7 wp-block-columns-is-layout-flex\">\n<div class=\"wp-block-column is-layout-flow wp-block-column-is-layout-flow\">\n<h2 class=\"wp-block-heading\">ECONOM\u00cdA<\/h2>\n\n\n<div class=\"feedzy-rss feedzy-5d3d6da77fc757f4246526a28a081143\"><ul><li  style=\"padding: 15px 0 25px\" class=\"rss_item\"><div class=\"rss_image\" style=\"width:150px; height:150px;\"><a href=\"https:\/\/www.clarin.com\/economia\/produccion-automotriz-marzo-leve-mejora-primera-vez-junio-ano-pasado_0_9LSIaBP1Kk.html\" target=\"_blank\" rel=\" noopener\" title=\"La producci\u00f3n automotriz tuvo en marzo una leve mejora, por primera vez desde junio del a\u00f1o pasado\" style=\"width:150px; height:150px;\"><span class=\"fetched\" style=\"background-image:  url('https:\/\/www.clarin.com\/img\/2020\/07\/31\/H4L0q6NTT_1200x630__1.jpg');\" title=\"La producci\u00f3n automotriz tuvo en marzo una leve mejora, por primera vez desde junio del a\u00f1o pasado\"><\/span><amp-img width=\"150\" height=\"150\" src=\"https:\/\/www.clarin.com\/img\/2020\/07\/31\/H4L0q6NTT_1200x630__1.jpg\"><\/a><\/div><span class=\"title\"><a href=\"https:\/\/www.clarin.com\/economia\/produccion-automotriz-marzo-leve-mejora-primera-vez-junio-ano-pasado_0_9LSIaBP1Kk.html\" target=\"_blank\" rel=\" noopener\">La producci\u00f3n automotriz tuvo en marzo una leve mejora, por primera vez desde junio del a\u00f1o pasado<\/a><\/span><div class=\"rss_content\" style=\"\"><p>Se produjeron 41.716 veh\u00edculos, 0,4% por arriba de igual mes del a\u00f1o anterior. La clave fueron las exportaciones, que subieron 9,7%. En cambio las ventas al mercado interno marcan un retroceso superior al 10%.<\/p><\/div><\/li><li  style=\"padding: 15px 0 25px\" class=\"rss_item\"><div class=\"rss_image\" style=\"width:150px; height:150px;\"><a href=\"https:\/\/www.clarin.com\/economia\/subsidio-luz-abril-hacer-inscripcion-pueden-acceder_0_Reui11zoZI.html\" target=\"_blank\" rel=\" noopener\" title=\"Subsidio de luz en abril: c\u00f3mo hacer la inscripci\u00f3n y qui\u00e9nes pueden acceder\" style=\"width:150px; height:150px;\"><span class=\"fetched\" style=\"background-image:  url('https:\/\/www.clarin.com\/img\/2025\/03\/12\/lb8YRHLFA_1200x630__1.jpg');\" title=\"Subsidio de luz en abril: c\u00f3mo hacer la inscripci\u00f3n y qui\u00e9nes pueden acceder\"><\/span><amp-img width=\"150\" height=\"150\" src=\"https:\/\/www.clarin.com\/img\/2025\/03\/12\/lb8YRHLFA_1200x630__1.jpg\"><\/a><\/div><span class=\"title\"><a href=\"https:\/\/www.clarin.com\/economia\/subsidio-luz-abril-hacer-inscripcion-pueden-acceder_0_Reui11zoZI.html\" target=\"_blank\" rel=\" noopener\">Subsidio de luz en abril: c\u00f3mo hacer la inscripci\u00f3n y qui\u00e9nes pueden acceder<\/a><\/span><div class=\"rss_content\" style=\"\"><p>Desde febrero rige el esquema de subsidios de luz y gas Requisitos, paso a paso para hacer el tr\u00e1mite y hasta cu\u00e1ndo hay tiempo para anotarse.<\/p><\/div><\/li><li  style=\"padding: 15px 0 25px\" class=\"rss_item\"><div class=\"rss_image\" style=\"width:150px; height:150px;\"><a href=\"https:\/\/www.clarin.com\/economia\/dolar-blue-hoy-cotiza-miercoles-08-abril_0_7lLSOOYmLt.html\" target=\"_blank\" rel=\" noopener\" title=\"D\u00f3lar blue hoy: a cu\u00e1nto cotiza este mi\u00e9rcoles 08 de abril\" style=\"width:150px; height:150px;\"><span class=\"fetched\" style=\"background-image:  url('https:\/\/www.clarin.com\/img\/2020\/07\/23\/bMdb9DlKC_1200x630__1.jpg');\" title=\"D\u00f3lar blue hoy: a cu\u00e1nto cotiza este mi\u00e9rcoles 08 de abril\"><\/span><amp-img width=\"150\" height=\"150\" src=\"https:\/\/www.clarin.com\/img\/2020\/07\/23\/bMdb9DlKC_1200x630__1.jpg\"><\/a><\/div><span class=\"title\"><a href=\"https:\/\/www.clarin.com\/economia\/dolar-blue-hoy-cotiza-miercoles-08-abril_0_7lLSOOYmLt.html\" target=\"_blank\" rel=\" noopener\">D\u00f3lar blue hoy: a cu\u00e1nto cotiza este mi\u00e9rcoles 08 de abril<\/a><\/span><div class=\"rss_content\" style=\"\"><p>Mir\u00e1 la cotizaci\u00f3n para la compra y venta del d\u00f3lar blue hoy.La brecha con el d\u00f3lar oficial.<\/p><\/div><\/li><li  style=\"padding: 15px 0 25px\" class=\"rss_item\"><div class=\"rss_image\" style=\"width:150px; height:150px;\"><a href=\"https:\/\/www.clarin.com\/economia\/precio-petroleo-derrumbo-anuncio-trump-tregua-iran_0_l7L601Cgi3.html\" target=\"_blank\" rel=\" noopener\" title=\"El precio del petr\u00f3leo se derrumb\u00f3 tras el anuncio de Trump sobre la tregua con Ir\u00e1n y perfora los US$ 100\" style=\"width:150px; height:150px;\"><span class=\"fetched\" style=\"background-image:  url('https:\/\/www.clarin.com\/img\/2015\/08\/24\/S1W3ro3FNx_1200x630.jpg');\" title=\"El precio del petr\u00f3leo se derrumb\u00f3 tras el anuncio de Trump sobre la tregua con Ir\u00e1n y perfora los US$ 100\"><\/span><amp-img width=\"150\" height=\"150\" src=\"https:\/\/www.clarin.com\/img\/2015\/08\/24\/S1W3ro3FNx_1200x630.jpg\"><\/a><\/div><span class=\"title\"><a href=\"https:\/\/www.clarin.com\/economia\/precio-petroleo-derrumbo-anuncio-trump-tregua-iran_0_l7L601Cgi3.html\" target=\"_blank\" rel=\" noopener\">El precio del petr\u00f3leo se derrumb\u00f3 tras el anuncio de Trump sobre la tregua con Ir\u00e1n y perfora los US$ 100<\/a><\/span><div class=\"rss_content\" style=\"\"><p>El barril de Brent y el de WTI superan el 10% de ca\u00edda. Lo propio ocurre con el precio del gas natural en Europa donde los precios caen un 19%.En Argentina, YPF y otras petroleras acordaron a inicios de abril mantener estable el precio de los combustibles durante 45 d\u00edas.<\/p><\/div><\/li><li  style=\"padding: 15px 0 25px\" class=\"rss_item\"><div class=\"rss_image\" style=\"width:150px; height:150px;\"><a href=\"https:\/\/www.clarin.com\/economia\/gobierno-quiera-evitar-escale-conflicto-servicio-colectivos-convoco-empresas-reunion-jueves_0_dwmRoNOESn.html\" target=\"_blank\" rel=\" noopener\" title=\"El Gobierno quiera evitar que escale el conflicto con el servicio de colectivos y convoc\u00f3 a las empresas a una reuni\u00f3n el jueves\" style=\"width:150px; height:150px;\"><span class=\"fetched\" style=\"background-image:  url('https:\/\/www.clarin.com\/img\/2026\/04\/07\/s53rxGb1n_1200x630__1.jpg');\" title=\"El Gobierno quiera evitar que escale el conflicto con el servicio de colectivos y convoc\u00f3 a las empresas a una reuni\u00f3n el jueves\"><\/span><amp-img width=\"150\" height=\"150\" src=\"https:\/\/www.clarin.com\/img\/2026\/04\/07\/s53rxGb1n_1200x630__1.jpg\"><\/a><\/div><span class=\"title\"><a href=\"https:\/\/www.clarin.com\/economia\/gobierno-quiera-evitar-escale-conflicto-servicio-colectivos-convoco-empresas-reunion-jueves_0_dwmRoNOESn.html\" target=\"_blank\" rel=\" noopener\">El Gobierno quiera evitar que escale el conflicto con el servicio de colectivos y convoc\u00f3 a las empresas a una reuni\u00f3n el jueves<\/a><\/span><div class=\"rss_content\" style=\"\"><p>La idea de la Secretar\u00eda de Transporte es que participen todas las entidades del sector.Se quiere discutir cambios en los montos que hoy se perciben como subsidios por el aumento del gasoil.<\/p><\/div><\/li><\/ul> <\/div><\/div>\n\n\n\n<div class=\"wp-block-column is-layout-flow wp-block-column-is-layout-flow\">\n<h2 class=\"wp-block-heading\">DEPORTES<\/h2>\n\n\n<div class=\"feedzy-rss feedzy-227d19a07da4bc842353f5998e8f2caa\"><ul><li  style=\"padding: 15px 0 25px\" class=\"rss_item\"><div class=\"rss_image\" style=\"width:150px; height:150px;\"><a href=\"https:\/\/www.clarin.com\/deportes\/masters-augusta-historias-cruzadas-argentinos-iran-caza-saco-verde-reincidencia-pato-cabrera-sueno-mateo-pulcini_0_ut2J9D63sH.html\" target=\"_blank\" rel=\" noopener\" title=\"El Masters de Augusta y las historias cruzadas de los dos argentinos que ir\u00e1n a la caza del saco verde: de la reincidencia del Pato Cabrera al sue\u00f1o de Mateo Pulcini\" style=\"width:150px; height:150px;\"><span class=\"fetched\" style=\"background-image:  url('https:\/\/www.clarin.com\/img\/2026\/04\/07\/YpFw2RysH_1200x630__1.jpg');\" title=\"El Masters de Augusta y las historias cruzadas de los dos argentinos que ir\u00e1n a la caza del saco verde: de la reincidencia del Pato Cabrera al sue\u00f1o de Mateo Pulcini\"><\/span><amp-img width=\"150\" height=\"150\" src=\"https:\/\/www.clarin.com\/img\/2026\/04\/07\/YpFw2RysH_1200x630__1.jpg\"><\/a><\/div><span class=\"title\"><a href=\"https:\/\/www.clarin.com\/deportes\/masters-augusta-historias-cruzadas-argentinos-iran-caza-saco-verde-reincidencia-pato-cabrera-sueno-mateo-pulcini_0_ut2J9D63sH.html\" target=\"_blank\" rel=\" noopener\">El Masters de Augusta y las historias cruzadas de los dos argentinos que ir\u00e1n a la caza del saco verde: de la reincidencia del Pato Cabrera al sue\u00f1o de Mateo Pulcini<\/a><\/span><div class=\"rss_content\" style=\"\"><p>Para el de Villa Allende, que se gan\u00f3 el derecho vitalicio de jugarlo tras su conquista de 2009, ser\u00e1 22\u00b0 vez y la segunda tras su paso por la c\u00e1rcel.Para el de R\u00edo Cuarto, en cambio, ser\u00e1 el bautismo entre las figuras del golf mundial.<\/p><\/div><\/li><li  style=\"padding: 15px 0 25px\" class=\"rss_item\"><div class=\"rss_image\" style=\"width:150px; height:150px;\"><a href=\"https:\/\/www.clarin.com\/deportes\/futbol-machirulos-todavia-noticia-jugador-novio_0_0p3cdMaBnh.html\" target=\"_blank\" rel=\" noopener\" title=\"El f\u00fatbol de los machirulos: por qu\u00e9 todav\u00eda es noticia que un jugador tenga novio\" style=\"width:150px; height:150px;\"><span class=\"fetched\" style=\"background-image:  url('https:\/\/www.clarin.com\/img\/2026\/04\/06\/C4jdHtkSt_1200x630__1.jpg');\" title=\"El f\u00fatbol de los machirulos: por qu\u00e9 todav\u00eda es noticia que un jugador tenga novio\"><\/span><amp-img width=\"150\" height=\"150\" src=\"https:\/\/www.clarin.com\/img\/2026\/04\/06\/C4jdHtkSt_1200x630__1.jpg\"><\/a><\/div><span class=\"title\"><a href=\"https:\/\/www.clarin.com\/deportes\/futbol-machirulos-todavia-noticia-jugador-novio_0_0p3cdMaBnh.html\" target=\"_blank\" rel=\" noopener\">El f\u00fatbol de los machirulos: por qu\u00e9 todav\u00eda es noticia que un jugador tenga novio<\/a><\/span><div class=\"rss_content\" style=\"\"><p>Se viraliz\u00f3 una entrevista de Ignacio Lago de hace nueve meses en la que recibe el saludo de su pareja.Sin embargo, su historia se convirti\u00f3 en tendencia.El licenciado Germ\u00e1n Diorio, psic\u00f3logo especialista en deportes y alto rendimiento, intenta explicar el impacto: &#8220;Son patrones de educaci\u00f3n antiguos&#8221;.<\/p><\/div><\/li><li  style=\"padding: 15px 0 25px\" class=\"rss_item\"><div class=\"rss_image\" style=\"width:150px; height:150px;\"><a href=\"https:\/\/www.clarin.com\/deportes\/river-debuta-copa-sudamericana-balsamo-hinchas-desafio-mayusculo-bolivia-racha-positiva-coudet_0_iHJOLKgibw.html\" target=\"_blank\" rel=\" noopener\" title=\"River debuta en la Copa Sudamericana: un b\u00e1lsamo para los hinchas y un desaf\u00edo may\u00fasculo en Bolivia para la racha positiva de Coudet\" style=\"width:150px; height:150px;\"><span class=\"fetched\" style=\"background-image:  url('https:\/\/www.clarin.com\/img\/2026\/04\/05\/DakGnygeI_1200x630__1.jpg');\" title=\"River debuta en la Copa Sudamericana: un b\u00e1lsamo para los hinchas y un desaf\u00edo may\u00fasculo en Bolivia para la racha positiva de Coudet\"><\/span><amp-img width=\"150\" height=\"150\" src=\"https:\/\/www.clarin.com\/img\/2026\/04\/05\/DakGnygeI_1200x630__1.jpg\"><\/a><\/div><span class=\"title\"><a href=\"https:\/\/www.clarin.com\/deportes\/river-debuta-copa-sudamericana-balsamo-hinchas-desafio-mayusculo-bolivia-racha-positiva-coudet_0_iHJOLKgibw.html\" target=\"_blank\" rel=\" noopener\">River debuta en la Copa Sudamericana: un b\u00e1lsamo para los hinchas y un desaf\u00edo may\u00fasculo en Bolivia para la racha positiva de Coudet<\/a><\/span><div class=\"rss_content\" style=\"\"><p>El Millonario coleccion\u00f3 fracasos en 2025 y termin\u00f3 en el segundo escal\u00f3n de Sudam\u00e9rica.Desde que lleg\u00f3 el &#8220;Chacho&#8221;, acumula cuatro triunfos consecutivos.<\/p><\/div><\/li><li  style=\"padding: 15px 0 25px\" class=\"rss_item\"><div class=\"rss_image\" style=\"width:150px; height:150px;\"><a href=\"https:\/\/www.clarin.com\/deportes\/maravilla-martinez-hablo-primera-vez-despues-penal-picado-clasico-racing-vs-independiente-falta-respeto_0_1RC4Vo3L1a.html\" target=\"_blank\" rel=\" noopener\" title=\"\"Maravilla\" Mart\u00ednez habl\u00f3 por primera vez despu\u00e9s del penal \"picado\" en el cl\u00e1sico de Racing vs Independiente: \"No fue una falta de respeto\"\" style=\"width:150px; height:150px;\"><span class=\"fetched\" style=\"background-image:  url('https:\/\/www.clarin.com\/img\/2026\/04\/07\/Wyya5LpPZ_1200x630__1.jpg');\" title=\"&quot;Maravilla&quot; Mart\u00ednez habl\u00f3 por primera vez despu\u00e9s del penal &quot;picado&quot; en el cl\u00e1sico de Racing vs Independiente: &quot;No fue una falta de respeto&quot;\"><\/span><amp-img width=\"150\" height=\"150\" src=\"https:\/\/www.clarin.com\/img\/2026\/04\/07\/Wyya5LpPZ_1200x630__1.jpg\"><\/a><\/div><span class=\"title\"><a href=\"https:\/\/www.clarin.com\/deportes\/maravilla-martinez-hablo-primera-vez-despues-penal-picado-clasico-racing-vs-independiente-falta-respeto_0_1RC4Vo3L1a.html\" target=\"_blank\" rel=\" noopener\">&#8220;Maravilla&#8221; Mart\u00ednez habl\u00f3 por primera vez despu\u00e9s del penal &#8220;picado&#8221; en el cl\u00e1sico de Racing vs Independiente: &#8220;No fue una falta de respeto&#8221;<\/a><\/span><div class=\"rss_content\" style=\"\"><p>El delantero pidi\u00f3 jugar en el debut en la Copa Sudamericana, pero ni siquiera pate\u00f3 al arco contra Independiente Petrolero, en la altura de Bolivia.Le ofreci\u00f3 disculpas a los hinchas de la &#8220;Academia&#8221; y tambi\u00e9n a los de su eterno rival en Avellaneda.<\/p><\/div><\/li><li  style=\"padding: 15px 0 25px\" class=\"rss_item\"><div class=\"rss_image\" style=\"width:150px; height:150px;\"><a href=\"https:\/\/www.clarin.com\/deportes\/leandro-paredes-debut-completo-copa-libertadores-empujones-amarilla-golazo-15-minutos-alegria-boca_0_X9cd5xvo1M.html\" target=\"_blank\" rel=\" noopener\" title=\"Leandro Paredes y un debut completo en la Copa Libertadores: empujones, amarilla y un golazo a los 15 minutos para alegr\u00eda de Boca\" style=\"width:150px; height:150px;\"><span class=\"fetched\" style=\"background-image:  url('https:\/\/www.clarin.com\/img\/2026\/04\/07\/LHhmEnYF5_1200x630__1.jpg');\" title=\"Leandro Paredes y un debut completo en la Copa Libertadores: empujones, amarilla y un golazo a los 15 minutos para alegr\u00eda de Boca\"><\/span><amp-img width=\"150\" height=\"150\" src=\"https:\/\/www.clarin.com\/img\/2026\/04\/07\/LHhmEnYF5_1200x630__1.jpg\"><\/a><\/div><span class=\"title\"><a href=\"https:\/\/www.clarin.com\/deportes\/leandro-paredes-debut-completo-copa-libertadores-empujones-amarilla-golazo-15-minutos-alegria-boca_0_X9cd5xvo1M.html\" target=\"_blank\" rel=\" noopener\">Leandro Paredes y un debut completo en la Copa Libertadores: empujones, amarilla y un golazo a los 15 minutos para alegr\u00eda de Boca<\/a><\/span><div class=\"rss_content\" style=\"\"><p>El campe\u00f3n del mundo abri\u00f3 el camino del triunfo parcial contra la Universidad Cat\u00f3lica en Chile.Mir\u00e1 el video.<\/p><\/div><\/li><\/ul> <\/div><\/div>\n<\/div>\n","protected":false},"excerpt":{"rendered":"<p>NOVEDADES POL\u00cdTICA ECONOM\u00cdA DEPORTES<\/p>\n","protected":false},"author":1,"featured_media":0,"parent":0,"menu_order":0,"comment_status":"closed","ping_status":"open","template":"","meta":{"footnotes":""},"class_list":["post-57","page","type-page","status-publish","hentry"],"_links":{"self":[{"href":"https:\/\/latidos1037.fmmiradio.com\/index.php?rest_route=\/wp\/v2\/pages\/57","targetHints":{"allow":["GET"]}}],"collection":[{"href":"https:\/\/latidos1037.fmmiradio.com\/index.php?rest_route=\/wp\/v2\/pages"}],"about":[{"href":"https:\/\/latidos1037.fmmiradio.com\/index.php?rest_route=\/wp\/v2\/types\/page"}],"author":[{"embeddable":true,"href":"https:\/\/latidos1037.fmmiradio.com\/index.php?rest_route=\/wp\/v2\/users\/1"}],"replies":[{"embeddable":true,"href":"https:\/\/latidos1037.fmmiradio.com\/index.php?rest_route=%2Fwp%2Fv2%2Fcomments&post=57"}],"version-history":[{"count":8,"href":"https:\/\/latidos1037.fmmiradio.com\/index.php?rest_route=\/wp\/v2\/pages\/57\/revisions"}],"predecessor-version":[{"id":167,"href":"https:\/\/latidos1037.fmmiradio.com\/index.php?rest_route=\/wp\/v2\/pages\/57\/revisions\/167"}],"wp:attachment":[{"href":"https:\/\/latidos1037.fmmiradio.com\/index.php?rest_route=%2Fwp%2Fv2%2Fmedia&parent=57"}],"curies":[{"name":"wp","href":"https:\/\/api.w.org\/{rel}","templated":true}]}}